{"id":7642,"date":"2025-03-27T10:59:14","date_gmt":"2025-03-27T08:59:14","guid":{"rendered":"http:\/\/www.scv-jugend.de\/?page_id=7642"},"modified":"2025-03-27T10:59:14","modified_gmt":"2025-03-27T08:59:14","slug":"aufnahmeantrag","status":"publish","type":"page","link":"https:\/\/www.scv-jugend.de\/?page_id=7642","title":{"rendered":"Aufnahmeantrag"},"content":{"rendered":"\n<p>Hier finden Sie einen Aufnahmeantrag als PDF mit Einzugserm\u00e4chtigung f\u00fcr die Mitgliedsbeitr\u00e4ge. Den Antrag und die Einzugserm\u00e4chtigung bitte ausdrucken, ausf\u00fcllen, unterschreiben und an den Schatzmeister<\/p>\n\n\n\n<p>Gerry Steinberger, Biberweg 4a, 85598 Baldham<\/p>\n\n\n\n<p>E-Mail: <a href=\"mailto:vorstand@scv-jugend.de\">vorstand@scv-jugend.de<\/a> schicken.<\/p>\n\n\n\n<div data-wp-interactive=\"core\/file\" class=\"wp-block-file\"><object data-wp-bind--hidden=\"!state.hasPdfPreview\" hidden class=\"wp-block-file__embed\" data=\"https:\/\/www.scv-jugend.de\/wp-content\/uploads\/SCVG-Aufnahmeantrag-2025.pdf\" type=\"application\/pdf\" style=\"width:100%;height:600px\" aria-label=\"Einbettung von SCVG Aufnahmeantrag 2025.\"><\/object><a id=\"wp-block-file--media-3f43f1ca-aa9b-492a-8942-ff9168e78a3d\" href=\"https:\/\/www.scv-jugend.de\/wp-content\/uploads\/SCVG-Aufnahmeantrag-2025.pdf\">SCVG Aufnahmeantrag 2025<\/a><a href=\"https:\/\/www.scv-jugend.de\/wp-content\/uploads\/SCVG-Aufnahmeantrag-2025.pdf\" class=\"wp-block-file__button wp-element-button\" download aria-describedby=\"wp-block-file--media-3f43f1ca-aa9b-492a-8942-ff9168e78a3d\">Herunterladen<\/a><\/div>\n\n\n\n<p><br>Aus der folgenden Tabelle ist der Mitgliedsbeitrag abzulesen. Bei Eintritt in November und Dezember des Jahres entf\u00e4llt der Beitrag f\u00fcr das laufende Jahr.<br>Im darauf folgenden Jahr ist der volle Beitrag zu zahlen.<\/p>\n\n\n\n<figure class=\"wp-block-table\"><table><tbody><tr><td><strong>Altersklasse<\/strong><\/td><td><strong>Mitgliedsbeitr\u00e4ge<\/strong><br>(volle Beitrag)<\/td><\/tr><tr><td>Kinder bis 14 Jahren<\/td><td>39 \u20ac<\/td><\/tr><tr><td>Jugendliche bis 20 Jahre<\/td><td>39 \u20ac<\/td><\/tr><tr><td>Erwachsene&nbsp; <\/td><td>49 \u20ac<\/td><\/tr><tr><td>Passive Mitglieder<\/td><td>39 \u20ac<\/td><\/tr><tr><td>Familienmitgliedschaft<\/td><td>99 \u20ac<\/td><\/tr><\/tbody><\/table><\/figure>\n\n\n\n<p><\/p>\n\n\n\n<p><\/p>\n","protected":false},"excerpt":{"rendered":"<p>Hier finden Sie einen Aufnahmeantrag als PDF mit Einzugserm\u00e4chtigung f\u00fcr die Mitgliedsbeitr\u00e4ge. Den Antrag und die Einzugserm\u00e4chtigung bitte ausdrucken, ausf\u00fcllen, unterschreiben und an den Schatzmeister Gerry Steinberger, Biberweg 4a, 85598 Baldham E-Mail: vorstand@scv-jugend.de schicken. Aus der folgenden Tabelle ist der &#8230; <a class=\"more-link\" href=\"https:\/\/www.scv-jugend.de\/?page_id=7642\">Read More &raquo;<\/a><\/p>\n","protected":false},"author":6,"featured_media":0,"parent":0,"menu_order":0,"comment_status":"closed","ping_status":"closed","template":"","meta":{"_mc_calendar":[],"footnotes":""},"class_list":["post-7642","page","type-page","status-publish","hentry"],"_links":{"self":[{"href":"https:\/\/www.scv-jugend.de\/index.php?rest_route=\/wp\/v2\/pages\/7642","targetHints":{"allow":["GET"]}}],"collection":[{"href":"https:\/\/www.scv-jugend.de\/index.php?rest_route=\/wp\/v2\/pages"}],"about":[{"href":"https:\/\/www.scv-jugend.de\/index.php?rest_route=\/wp\/v2\/types\/page"}],"author":[{"embeddable":true,"href":"https:\/\/www.scv-jugend.de\/index.php?rest_route=\/wp\/v2\/users\/6"}],"replies":[{"embeddable":true,"href":"https:\/\/www.scv-jugend.de\/index.php?rest_route=%2Fwp%2Fv2%2Fcomments&post=7642"}],"version-history":[{"count":22,"href":"https:\/\/www.scv-jugend.de\/index.php?rest_route=\/wp\/v2\/pages\/7642\/revisions"}],"predecessor-version":[{"id":10208,"href":"https:\/\/www.scv-jugend.de\/index.php?rest_route=\/wp\/v2\/pages\/7642\/revisions\/10208"}],"wp:attachment":[{"href":"https:\/\/www.scv-jugend.de\/index.php?rest_route=%2Fwp%2Fv2%2Fmedia&parent=7642"}],"curies":[{"name":"wp","href":"https:\/\/api.w.org\/{rel}","templated":true}]}}